{"id":116,"date":"2013-11-11T21:17:29","date_gmt":"2013-11-11T20:17:29","guid":{"rendered":"http:\/\/www.irenefeste.com\/?page_id=116"},"modified":"2023-04-09T21:55:49","modified_gmt":"2023-04-09T20:55:49","slug":"contact","status":"publish","type":"page","link":"https:\/\/www.irenefeste.com\/?page_id=116","title":{"rendered":"Contact"},"content":{"rendered":"\n<p>Ir\u00e8ne Feste, danseuse, chor\u00e9graphe, p\u00e9dagogue <\/p>\n\n\n\n<p>irene.feste at wanadoo.fr ; 06.21.64.55.97<\/p>\n","protected":false},"excerpt":{"rendered":"<p>Ir\u00e8ne Feste, danseuse, chor\u00e9graphe, p\u00e9dagogue irene.feste at wanadoo.fr ; 06.21.64.55.97<\/p>\n","protected":false},"author":1,"featured_media":0,"parent":0,"menu_order":7,"comment_status":"closed","ping_status":"open","template":"","meta":{"footnotes":""},"class_list":["post-116","page","type-page","status-publish","hentry"],"_links":{"self":[{"href":"https:\/\/www.irenefeste.com\/index.php?rest_route=\/wp\/v2\/pages\/116","targetHints":{"allow":["GET"]}}],"collection":[{"href":"https:\/\/www.irenefeste.com\/index.php?rest_route=\/wp\/v2\/pages"}],"about":[{"href":"https:\/\/www.irenefeste.com\/index.php?rest_route=\/wp\/v2\/types\/page"}],"author":[{"embeddable":true,"href":"https:\/\/www.irenefeste.com\/index.php?rest_route=\/wp\/v2\/users\/1"}],"replies":[{"embeddable":true,"href":"https:\/\/www.irenefeste.com\/index.php?rest_route=%2Fwp%2Fv2%2Fcomments&post=116"}],"version-history":[{"count":5,"href":"https:\/\/www.irenefeste.com\/index.php?rest_route=\/wp\/v2\/pages\/116\/revisions"}],"predecessor-version":[{"id":1173,"href":"https:\/\/www.irenefeste.com\/index.php?rest_route=\/wp\/v2\/pages\/116\/revisions\/1173"}],"wp:attachment":[{"href":"https:\/\/www.irenefeste.com\/index.php?rest_route=%2Fwp%2Fv2%2Fmedia&parent=116"}],"curies":[{"name":"wp","href":"https:\/\/api.w.org\/{rel}","templated":true}]}}