{"id":1213,"date":"2023-11-06T17:45:02","date_gmt":"2023-11-06T16:45:02","guid":{"rendered":"http:\/\/www.irenefeste.com\/?page_id=1213"},"modified":"2023-11-06T18:50:10","modified_gmt":"2023-11-06T17:50:10","slug":"200-ans-de-traites-de-danse-1823-2023","status":"publish","type":"page","link":"https:\/\/www.irenefeste.com\/?page_id=1213","title":{"rendered":"200 ans de trait\u00e9s de danse 1823 &#8211; 2023"},"content":{"rendered":"\n<div class=\"wp-block-group\"><div class=\"wp-block-group__inner-container is-layout-constrained wp-block-group-is-layout-constrained\">\n<p>Pour le monde de la danse, 2023 marque les 200 ans de la parution de deux trait\u00e9s sur la danse du XIX<sup>\u00e8me <\/sup>si\u00e8cle, celui de Jean-Henri Gourdoux-Daux (ma\u00eetre de danse \u00e0 Paris) intitul\u00e9 <em>De l\u2019Art de la danse, consid\u00e9r\u00e9e dans ses vrais rapports avec l\u2019\u00e9ducation de la jeunesse&nbsp;; ou M\u00e9thode, principes et notions \u00e9l\u00e9mentaires sur l\u2019art de la danse pour la ville, suivis de quelques le\u00e7ons sur la mani\u00e8re de se pr\u00e9senter et de se conduire dans la bonne soci\u00e9t\u00e9<\/em>, troisi\u00e8me \u00e9dition revue et augment\u00e9e (apr\u00e8s celles de 1804 et 1811), et celui d\u2019Elise Voiart (\u00e9crivaine fran\u00e7aise), sous le titre <em>Essai sur la danse antique et moderne<\/em>. Cette derni\u00e8re parution a entrain\u00e9 le report d\u2019une troisi\u00e8me publication consacr\u00e9e \u00e0 la danse th\u00e9\u00e2trale \u00e9crite par James Harvey d\u2019Egville.<\/p>\n\n\n\n<p>Voici le texte du prospectus r\u00e9dig\u00e9 par d\u2019Egville lui-m\u00eame et adress\u00e9 aux journaux pour en annoncer la parution&nbsp;:<\/p>\n\n\n\n<p class=\"has-text-align-center\"><em>L&rsquo;Art de la danse th\u00e9\u00e2trale,<br>son berceau, ses progr\u00e8s, sa d\u00e9cadence,<br>sa r\u00e9g\u00e9n\u00e9ration et ses principes \u00e9l\u00e9mentaires<\/em>.<br>Deux volumes<br>par J.H. D&rsquo;Egville ancien Pensionnaire de l&rsquo;Acad\u00e9mie Royale de Musique, ci-devant Directeur et Ma\u00eetre de Ballet du Th\u00e9\u00e2tre du Roi \u00e0 Londres et Professeur de Danse<\/p>\n\n\n\n<p class=\"has-text-align-center\">&#8212;&#8212;&#8212;&#8211;<\/p>\n\n\n\n<p>\u00ab&nbsp;cet art n\u2019avait point encore ses principes \u00e9l\u00e9mentaires fixes, pr\u00e9cis et rassembl\u00e9s en un corps d\u2019ouvrage, par un ma\u00eetre exp\u00e9riment\u00e9. Ils n\u2019\u00e9taient que vaguement \u00e9pars, soit, dans les \u00e9crits de Noverre, le plus profond des chor\u00e9graphes modernes, soit dans les lettres particuli\u00e8res, de son digne concurrent, Dauberval, \u00e0 ses \u00e9l\u00e8ves intimes dont quelques fragments pr\u00e9cieux et in\u00e9dits para\u00eetront dans l\u2019ouvrage que nous annon\u00e7ons.<\/p>\n\n\n\n<p>Des hommes lettr\u00e9s et savants ne se sont occup\u00e9s de cet art que d\u2019une mani\u00e8re partielle. Ces chroniqueurs du Moyen Age et du n\u00f4tre n\u2019ont pu se dispenser d\u2019en parler&nbsp;; mais ils n\u2019ont dit que son origine, son enfance, ses d\u00e9veloppements, et le degr\u00e9 d\u2019importance ou il \u00e9tait parvenu chez les Grecs, et chez les Romains &amp; pour nous en retracer ensuite les variations, la d\u00e9cadence et la r\u00e9g\u00e9n\u00e9ration, parmi les modernes. Ces documents \u00e9taient sans doute indispensables \u00e0 l\u2019historique de leur travail&nbsp;; mais l\u2019auteur de celui-ci a cru devoir les renfermer dans un cadre fort \u00e9troit et n\u2019exposer que les principaux, les plus frappants, et les moins connus&nbsp;; Cassiodore, Lucien, Callemaque, Pylade, et apr\u00e8s eux, Rolin, Cahusac, M\u00e9nestrier, et tant d\u2019autres ont rapport\u00e9 depuis trop longtemps, ce qu\u2019il devait s\u2019abstenir de redire. Ces derniers, dans leur dissertation ou <em>Essais sur le Danse ancienne et moderne<\/em>, productions fort estimables d\u2019ailleurs, ont multipli\u00e9s les citations, abondamment puis\u00e9s dans chacun d\u2019eux.<\/p>\n\n\n\n<p>Quoiqu\u2019elles ne soient pas \u00e9trang\u00e8res \u00e0 l\u2019une des parties, et \u00e0 l\u2019introduction m\u00eame de cet ouvrage, son auteur envisage un autre but, un int\u00e9r\u00eat plus essentiel, plus neuf et surtout plus utile dans le plan qu\u2019il en a trac\u00e9.<\/p>\n\n\n\n<p>Il fallait pour son ex\u00e9cution, un v\u00e9ritable chor\u00e9graphe, un compositeur familier avec son art, d\u2019une excellente th\u00e9orie et d\u2019une longue pratique, pour en \u00e9tablir invariablement ces principes et les r\u00e8gles, d\u2019apr\u00e8s les traditions de tous les temps.<\/p>\n\n\n\n<p>Nommer Mr D\u2026, le disciple de la grande \u00e9cole, l\u2019ami et l\u2019\u00e9mule de l\u2019auteur du ballet de <em>T\u00e9l\u00e9maque<\/em>, et l\u2019auteur lui-m\u00eame de plusieurs ballets classiques, couronn\u00e9s d\u2019un succ\u00e8s durable et m\u00e9rit\u00e9 (sur divers grands th\u00e9\u00e2tres), c\u2019est annoncer celui de l\u2019ouvrage int\u00e9ressant, vari\u00e9, piquant, et \u00e9l\u00e9mentaire tout \u00e0 la fois, que nous allons publier&nbsp;; c\u2019est le fruit de longues ann\u00e9es d\u2019\u00e9tudes, de recherches et d\u2019observations. La s\u00e9cheresse des principes y dispara\u00eet sous des voiles ing\u00e9nieux.<\/p>\n\n\n\n<p>Anecdotes th\u00e9\u00e2trales, traits ignor\u00e9s ou peu connus, effets singuliers de plusieurs ballets, depuis Bathilde et Pylade jusqu\u2019\u00e0 nos jours, situation ancienne et actuelle du grand Op\u00e9ra de Paris, moyens divers de lui rendre tout son \u00e9clat &amp;. tels sont les accessoires utiles et nouveaux qui ach\u00e8veront de rendre cet ouvrage aussi agr\u00e9able aux gens du monde qu\u2019indispensable aux artistes digne de ce nom.&nbsp;\u00bb<\/p>\n\n\n\n<p>Dans une lettre adress\u00e9e \u00e0 son ami Andr\u00e9 Jean-Jacques Deshayes (danseur, chor\u00e9graphe, ma\u00eetre de ballet), d\u2019Egville ne fait pas une critique \u00e9logieuse de la publication d\u2019Elise Voiart&nbsp;:&nbsp;<\/p>\n\n\n\n<p>\u00ab&nbsp;Toi qui es \u00e0 la piste de tous les ouvrages sur la Danse, il est presque impossible que tu n\u2019aies connaissance d\u2019un ouvrage publi\u00e9 derni\u00e8rement sous le titre de <em>Essai sur la Danse ancienne et moderne<\/em> par M<sup>lle<\/sup> Voiart. Cet ouvrage sur la danse \u00e9tait d\u2019abord intitul\u00e9 dans un catalogue imprim\u00e9 il y a deux ans par Audot, libraire au-del\u00e0 de la Sorbonne, Histoire de la Danse. Il est \u00e9vident par l\u00e0 que cette amazone litt\u00e9raire s\u2019est empar\u00e9e du titre que mes <em>lettres aux auteurs dramatiques<\/em><a id=\"_ftnref1\" href=\"#_ftn1\"><u>[1]<\/u><\/a> annon\u00e7aient. [\u2026]&nbsp;\u00bb<\/p>\n\n\n\n<p>\u00ab&nbsp;Cet incident, comme je l\u2019ai d\u00e9j\u00e0 dit, m\u2019a forc\u00e9 malgr\u00e9 moi \u00e0 ajourner annonces dans les journaux, publications, qui devait avoir lieu \u00e0 la fin de janvier c\u2019est-\u00e0-dire la premi\u00e8re livraison, et le reste \u00e0 \u00e9poques \u00e9gales dans le cours de 1824 [\u2026]&nbsp;\u00bb<\/p>\n\n\n\n<p>La publication <em>L&rsquo;Art de la danse th\u00e9\u00e2trale, son berceau, ses progr\u00e8s, sa d\u00e9cadence, sa r\u00e9g\u00e9n\u00e9ration et ses principes \u00e9l\u00e9mentaires<\/em>, de James Harvey d\u2019Egville a \u00e9t\u00e9 repouss\u00e9e en 1824. A ma connaissance, ce trait\u00e9 n\u2019a jamais vu le jour, ce qui est regrettable pour l\u2019histoire de l\u2019\u00e9volution de danse dans la premi\u00e8re moiti\u00e9 du XIX<sup>\u00e8me<\/sup> si\u00e8cle.<\/p>\n\n\n\n<p>N. B.&nbsp;: les citations sont retranscrites telles qu&rsquo;elles avec l&rsquo;orthographe de l&rsquo;\u00e9poque.<\/p>\n\n\n\n<p><em><strong>\u00a9 Ir\u00e8ne Feste \u2013 novembre 2023<\/strong><\/em><\/p>\n\n\n\n<hr class=\"wp-block-separator has-alpha-channel-opacity\"\/>\n\n\n\n<p><a id=\"_ftn1\" href=\"#_ftnref1\">[1]<\/a>\u00ab <em>Essai sur la danse ancienne et moderne, son influence, ses progr\u00e8s chez les diff\u00e9rents peuples<\/em>, etc., etc.&nbsp;; suivi de <em>la po\u00e9tique de l\u2019art r\u00e9duit en principes<\/em>, 2 vol\u2026&nbsp;\u00bb,<em> Lettres aux auteurs dramatiques<\/em>, d\u2019Egville, 1823,&nbsp;p. 24<\/p>\n\n\n\n<figure class=\"wp-block-image size-large\"><img decoding=\"async\" src=\"https:\/\/iiif-prod.nypl.org\/index.php?id=5492261&amp;t=g\" alt=\"\"\/><\/figure>\n<\/div><\/div>\n","protected":false},"excerpt":{"rendered":"<p>Pour le monde de la danse, 2023 marque les 200 ans de la parution de deux trait\u00e9s sur la danse du XIX\u00e8me si\u00e8cle, celui de Jean-Henri Gourdoux-Daux (ma\u00eetre de danse \u00e0 Paris) intitul\u00e9 De l\u2019Art de la danse, consid\u00e9r\u00e9e dans ses vrais rapports avec l\u2019\u00e9ducation de la jeunesse&nbsp;; ou M\u00e9thode, principes et notions \u00e9l\u00e9mentaires sur &hellip; <a href=\"https:\/\/www.irenefeste.com\/?page_id=1213\" class=\"more-link\">Continuer la lecture de <span class=\"screen-reader-text\">200 ans de trait\u00e9s de danse 1823 &#8211; 2023<\/span> <span class=\"meta-nav\">&rarr;<\/span><\/a><\/p>\n","protected":false},"author":1,"featured_media":0,"parent":165,"menu_order":4,"comment_status":"closed","ping_status":"closed","template":"","meta":{"footnotes":""},"class_list":["post-1213","page","type-page","status-publish","hentry"],"_links":{"self":[{"href":"https:\/\/www.irenefeste.com\/index.php?rest_route=\/wp\/v2\/pages\/1213","targetHints":{"allow":["GET"]}}],"collection":[{"href":"https:\/\/www.irenefeste.com\/index.php?rest_route=\/wp\/v2\/pages"}],"about":[{"href":"https:\/\/www.irenefeste.com\/index.php?rest_route=\/wp\/v2\/types\/page"}],"author":[{"embeddable":true,"href":"https:\/\/www.irenefeste.com\/index.php?rest_route=\/wp\/v2\/users\/1"}],"replies":[{"embeddable":true,"href":"https:\/\/www.irenefeste.com\/index.php?rest_route=%2Fwp%2Fv2%2Fcomments&post=1213"}],"version-history":[{"count":8,"href":"https:\/\/www.irenefeste.com\/index.php?rest_route=\/wp\/v2\/pages\/1213\/revisions"}],"predecessor-version":[{"id":1246,"href":"https:\/\/www.irenefeste.com\/index.php?rest_route=\/wp\/v2\/pages\/1213\/revisions\/1246"}],"up":[{"embeddable":true,"href":"https:\/\/www.irenefeste.com\/index.php?rest_route=\/wp\/v2\/pages\/165"}],"wp:attachment":[{"href":"https:\/\/www.irenefeste.com\/index.php?rest_route=%2Fwp%2Fv2%2Fmedia&parent=1213"}],"curies":[{"name":"wp","href":"https:\/\/api.w.org\/{rel}","templated":true}]}}