{"id":1224,"date":"2023-11-06T18:47:28","date_gmt":"2023-11-06T17:47:28","guid":{"rendered":"http:\/\/www.irenefeste.com\/?page_id=1224"},"modified":"2023-11-06T19:18:41","modified_gmt":"2023-11-06T18:18:41","slug":"jean-etienne-despreaux","status":"publish","type":"page","link":"https:\/\/www.irenefeste.com\/?page_id=1224","title":{"rendered":"Jean-Etienne Despr\u00e9aux"},"content":{"rendered":"\n<p>Danseur et pensionnaire des Rois Louis XV et Louis XVI, ma\u00eetre de danse de la cour, r\u00e9p\u00e9titeur des c\u00e9r\u00e9monies, directeur des f\u00eates imp\u00e9riales sous le r\u00e8gne de Napol\u00e9on Ier, professeur au conservatoire de musique, inspecteur g\u00e9n\u00e9ral de l&rsquo;Acad\u00e9mie Imp\u00e9riale de Musique, homme de lettre (1748-1820)<\/p>\n\n\n\n<ul class=\"wp-block-list\">\n<li><strong>2020 : Programme d&rsquo;Aide \u00e0 la recherche et au Patrimoine en Danse du Centre National de la Danse<\/strong><\/li>\n<\/ul>\n\n\n\n<p class=\"has-text-align-center\"><strong><em>\u00ab\u00a0Les quadrilles de Jean-Etienne Despr\u00e9aux, organisateur des divertissements et spectacles \u00e0 la cour de Napol\u00e9on Ier\u00a0\u00bb<\/em><\/strong><\/p>\n\n\n\n<p>Reconstitution des trois quadrilles d\u00e9di\u00e9s et ex\u00e9cut\u00e9s par leurs altesses imp\u00e9riales, et chor\u00e9graphi\u00e9s par Jean-Etienne Despr\u00e9aux (2020 ann\u00e9e bicentenaire de sa mort) :<\/p>\n\n\n\n<p><em>Le Quadrille de La Partie du Jeu d&rsquo;Echec<\/em>, ex\u00e9cut\u00e9 le&nbsp;9 janvier 1810 chez Mr de Marescalchi, ambassadeur d&rsquo;Italie<\/p>\n\n\n\n<p><em>Le Quadrille&nbsp;des Saisons et des Mois<\/em>, ex\u00e9cut\u00e9 aux Tuileries le mardi 26 f\u00e9vrier 1811<\/p>\n\n\n\n<p><em>Le Quadrille des Heures<\/em>, ex\u00e9cut\u00e9 aux Tuileries en 1812<\/p>\n\n\n\n<p><a href=\"https:\/\/www.cnd.fr\/fr\/file\/file\/1586\/inline\/COMMUNIQU\u00c9_PRESSE_AIDE_RECHERCHE%202.pdf\">https:\/\/www.cnd.fr\/fr\/file\/file\/1586\/inline\/COMMUNIQU\u00c9_PRESSE_AIDE_RECHERCHE%202.pdf<\/a><\/p>\n\n\n\n<p>Synth\u00e8se : <a href=\"https:\/\/www.cnd.fr\/fr\/file\/file\/2022\/inline\/Feste_Irene_2022_synthese_corrigee.pdf\">Microsoft Word &#8211; Feste_Irene_2022_synthese_corrigee.docx (cnd.fr)<\/a><\/p>\n\n\n\n<p><\/p>\n\n\n\n<p> <\/p>\n\n\n\n<ul class=\"wp-block-list\">\n<li><strong>2021 : Journ\u00e9e d&rsquo;\u00e9tudes<\/strong><\/li>\n<\/ul>\n\n\n\n<p><strong><em>QUADRILLES : DANSE ET DIVERTISSEMENTS ENTRE R\u00c9PUBLIQUE ET EMPIRE, AUTOUR DE LA FIGURE DE JEAN-\u00c9TIENNE DESPR\u00c9AUX (1748-1820)<\/em><\/strong><\/p>\n\n\n\n<p>Vid\u00e9os de la Journ\u00e9e d&rsquo;Etudes du vendredi 26 novembre 2021 :<\/p>\n\n\n\n<p><a href=\"https:\/\/www.bnf.fr\/fr\/mediatheque\/quadrilles-session-1-divertissements-premier-empire\">Quadrilles \u2013 Session 1 \u2013 Divertissements Premier Empire | BnF &#8211; Site institutionnel<\/a><\/p>\n\n\n\n<p><a href=\"https:\/\/www.bnf.fr\/fr\/mediatheque\/quadrilles-session-2-quadrilles-en-images\">Quadrilles \u2013 Session 2 \u2013 Quadrilles en images | BnF &#8211; Site institutionnel<\/a><\/p>\n\n\n\n<p><a href=\"https:\/\/www.bnf.fr\/fr\/mediatheque\/quadrilles-session-3-reseaux-et-circulations\">Quadrilles \u2013 Session 3 \u2013 R\u00e9seaux et circulations | BnF &#8211; Site institutionnel<\/a><\/p>\n\n\n\n<p><a href=\"https:\/\/www.bnf.fr\/fr\/mediatheque\/quadrilles-session-4-reinventer-les-quadrilles-de-despreaux\">Quadrilles \u2013 Session 4 \u2013 R\u00e9inventer les quadrilles de Despr\u00e9aux | BnF &#8211; Site institutionnel<\/a><\/p>\n\n\n\n<p><\/p>\n\n\n\n<p><\/p>\n","protected":false},"excerpt":{"rendered":"<p>Danseur et pensionnaire des Rois Louis XV et Louis XVI, ma\u00eetre de danse de la cour, r\u00e9p\u00e9titeur des c\u00e9r\u00e9monies, directeur des f\u00eates imp\u00e9riales sous le r\u00e8gne de Napol\u00e9on Ier, professeur au conservatoire de musique, inspecteur g\u00e9n\u00e9ral de l&rsquo;Acad\u00e9mie Imp\u00e9riale de Musique, homme de lettre (1748-1820) \u00ab\u00a0Les quadrilles de Jean-Etienne Despr\u00e9aux, organisateur des divertissements et spectacles &hellip; <a href=\"https:\/\/www.irenefeste.com\/?page_id=1224\" class=\"more-link\">Continuer la lecture de <span class=\"screen-reader-text\">Jean-Etienne Despr\u00e9aux<\/span> <span class=\"meta-nav\">&rarr;<\/span><\/a><\/p>\n","protected":false},"author":1,"featured_media":0,"parent":165,"menu_order":1,"comment_status":"closed","ping_status":"closed","template":"","meta":{"footnotes":""},"class_list":["post-1224","page","type-page","status-publish","hentry"],"_links":{"self":[{"href":"https:\/\/www.irenefeste.com\/index.php?rest_route=\/wp\/v2\/pages\/1224","targetHints":{"allow":["GET"]}}],"collection":[{"href":"https:\/\/www.irenefeste.com\/index.php?rest_route=\/wp\/v2\/pages"}],"about":[{"href":"https:\/\/www.irenefeste.com\/index.php?rest_route=\/wp\/v2\/types\/page"}],"author":[{"embeddable":true,"href":"https:\/\/www.irenefeste.com\/index.php?rest_route=\/wp\/v2\/users\/1"}],"replies":[{"embeddable":true,"href":"https:\/\/www.irenefeste.com\/index.php?rest_route=%2Fwp%2Fv2%2Fcomments&post=1224"}],"version-history":[{"count":8,"href":"https:\/\/www.irenefeste.com\/index.php?rest_route=\/wp\/v2\/pages\/1224\/revisions"}],"predecessor-version":[{"id":1254,"href":"https:\/\/www.irenefeste.com\/index.php?rest_route=\/wp\/v2\/pages\/1224\/revisions\/1254"}],"up":[{"embeddable":true,"href":"https:\/\/www.irenefeste.com\/index.php?rest_route=\/wp\/v2\/pages\/165"}],"wp:attachment":[{"href":"https:\/\/www.irenefeste.com\/index.php?rest_route=%2Fwp%2Fv2%2Fmedia&parent=1224"}],"curies":[{"name":"wp","href":"https:\/\/api.w.org\/{rel}","templated":true}]}}