{"id":1514,"date":"2026-03-12T19:25:21","date_gmt":"2026-03-12T18:25:21","guid":{"rendered":"https:\/\/www.irenefeste.com\/?page_id=1514"},"modified":"2026-03-12T20:57:29","modified_gmt":"2026-03-12T19:57:29","slug":"les-illustres-terpsichores","status":"publish","type":"page","link":"https:\/\/www.irenefeste.com\/?page_id=1514","title":{"rendered":"Les Illustres Terpsichores"},"content":{"rendered":"\n<p><strong>Conf\u00e9rence dans\u00e9e<\/strong><\/p>\n\n\n\n<p>Du temps de Louis XIV, c\u2019est essentiellement les hommes qui dansent au th\u00e9\u00e2tre, ils se travestissent pour incarner tous les r\u00f4les qu\u2019ils soient f\u00e9minins ou masculins. La professionnalisation de la danseuse viendra \u00e0 la fin du XVII<sup>\u00e8me<\/sup> si\u00e8cle et verra l\u2019\u00e9mergence de grandes danseuses qui marqueront leur temps par leur danse, parfois m\u00eame par la r\u00e9forme du costume qu\u2019elles entreprennent&nbsp;:&nbsp;\u00ab<em>&nbsp;[Marie Sall\u00e9] a os\u00e9 para\u00eetre dans cette entr\u00e9e sans panier, sans jupe, sans corps, et \u00e9chevel\u00e9e, et sans aucun ornement sur sa t\u00eate&nbsp;; elle n\u2019\u00e9tait v\u00eatue, avec son corset et un jupon que d\u2019une simple robe de mousseline tourn\u00e9e en draperie et ajust\u00e9e sur le mod\u00e8le d\u2019une statue grecque.<\/em>&nbsp;\u00bb<\/p>\n\n\n<div class=\"wp-block-image is-style-rounded\">\n<figure class=\"aligncenter size-full is-resized\"><a href=\"http:\/\/www.irenefeste.com\/wp-content\/uploads\/2026\/03\/DaP-conference.jpg\"><img loading=\"lazy\" decoding=\"async\" width=\"632\" height=\"650\" src=\"https:\/\/www.irenefeste.com\/wp-content\/uploads\/2026\/03\/DaP-conference.jpg\" alt=\"\" class=\"wp-image-1528\" style=\"width:410px;height:auto\" srcset=\"https:\/\/www.irenefeste.com\/wp-content\/uploads\/2026\/03\/DaP-conference.jpg 632w, https:\/\/www.irenefeste.com\/wp-content\/uploads\/2026\/03\/DaP-conference-292x300.jpg 292w, https:\/\/www.irenefeste.com\/wp-content\/uploads\/2026\/03\/DaP-conference-600x617.jpg 600w\" sizes=\"auto, (max-width: 632px) 100vw, 632px\" \/><\/a><\/figure><\/div>\n\n\n<div class=\"wp-block-group\"><div class=\"wp-block-group__inner-container is-layout-constrained wp-block-group-is-layout-constrained\">\n<div class=\"wp-block-group\"><div class=\"wp-block-group__inner-container is-layout-constrained wp-block-group-is-layout-constrained\">\n<p>Contact : contact(at)dansesaupasse.fr<\/p>\n<\/div><\/div>\n<\/div><\/div>\n","protected":false},"excerpt":{"rendered":"<p>Conf\u00e9rence dans\u00e9e Du temps de Louis XIV, c\u2019est essentiellement les hommes qui dansent au th\u00e9\u00e2tre, ils se travestissent pour incarner tous les r\u00f4les qu\u2019ils soient f\u00e9minins ou masculins. La professionnalisation de la danseuse viendra \u00e0 la fin du XVII\u00e8me si\u00e8cle et verra l\u2019\u00e9mergence de grandes danseuses qui marqueront leur temps par leur danse, parfois m\u00eame &hellip; <a href=\"https:\/\/www.irenefeste.com\/?page_id=1514\" class=\"more-link\">Continuer la lecture de <span class=\"screen-reader-text\">Les Illustres Terpsichores<\/span> <span class=\"meta-nav\">&rarr;<\/span><\/a><\/p>\n","protected":false},"author":1,"featured_media":0,"parent":998,"menu_order":5,"comment_status":"closed","ping_status":"closed","template":"","meta":{"footnotes":""},"class_list":["post-1514","page","type-page","status-publish","hentry"],"_links":{"self":[{"href":"https:\/\/www.irenefeste.com\/index.php?rest_route=\/wp\/v2\/pages\/1514","targetHints":{"allow":["GET"]}}],"collection":[{"href":"https:\/\/www.irenefeste.com\/index.php?rest_route=\/wp\/v2\/pages"}],"about":[{"href":"https:\/\/www.irenefeste.com\/index.php?rest_route=\/wp\/v2\/types\/page"}],"author":[{"embeddable":true,"href":"https:\/\/www.irenefeste.com\/index.php?rest_route=\/wp\/v2\/users\/1"}],"replies":[{"embeddable":true,"href":"https:\/\/www.irenefeste.com\/index.php?rest_route=%2Fwp%2Fv2%2Fcomments&post=1514"}],"version-history":[{"count":9,"href":"https:\/\/www.irenefeste.com\/index.php?rest_route=\/wp\/v2\/pages\/1514\/revisions"}],"predecessor-version":[{"id":1564,"href":"https:\/\/www.irenefeste.com\/index.php?rest_route=\/wp\/v2\/pages\/1514\/revisions\/1564"}],"up":[{"embeddable":true,"href":"https:\/\/www.irenefeste.com\/index.php?rest_route=\/wp\/v2\/pages\/998"}],"wp:attachment":[{"href":"https:\/\/www.irenefeste.com\/index.php?rest_route=%2Fwp%2Fv2%2Fmedia&parent=1514"}],"curies":[{"name":"wp","href":"https:\/\/api.w.org\/{rel}","templated":true}]}}