{"id":222,"date":"2013-11-13T19:36:54","date_gmt":"2013-11-13T18:36:54","guid":{"rendered":"http:\/\/www.irenefeste.com\/?page_id=222"},"modified":"2023-12-20T11:52:25","modified_gmt":"2023-12-20T10:52:25","slug":"videos","status":"publish","type":"page","link":"https:\/\/www.irenefeste.com\/?page_id=222","title":{"rendered":"Vid\u00e9os"},"content":{"rendered":"\n<figure class=\"wp-block-embed is-type-video is-provider-youtube wp-block-embed-youtube wp-embed-aspect-16-9 wp-has-aspect-ratio\"><div class=\"wp-block-embed__wrapper\">\n<iframe loading=\"lazy\" title=\"Guarachia danse espagnole ou nouvelle Cachucha - Michel Saint L\u00e9on\" width=\"604\" height=\"340\" src=\"https:\/\/www.youtube.com\/embed\/0Fntwdzcld0?feature=oembed\" frameborder=\"0\" allow=\"accelerometer; autoplay; clipboard-write; encrypted-media; gyroscope; picture-in-picture; web-share\" referrerpolicy=\"strict-origin-when-cross-origin\" allowfullscreen><\/iframe>\n<\/div><figcaption class=\"wp-element-caption\">Reconstitution de la \u00ab\u00a0Guarachia danse espagnole ou nouvelle Cachucha\u00a0\u00bb, Michel Saint-L\u00e9on<\/figcaption><\/figure>\n\n\n\n<figure class=\"wp-block-embed is-type-video is-provider-vimeo wp-block-embed-vimeo wp-embed-aspect-16-9 wp-has-aspect-ratio\"><div class=\"wp-block-embed__wrapper\">\n<iframe loading=\"lazy\" title=\"TRACING MAMA MOUCHIJ \u2013 Multiple Migrations of a Dance and Its Tune (Part 1) I OI Istanbul\" src=\"https:\/\/player.vimeo.com\/video\/829733312?dnt=1&amp;app_id=122963\" width=\"604\" height=\"340\" frameborder=\"0\" allow=\"autoplay; fullscreen; picture-in-picture; clipboard-write\"><\/iframe>\n<\/div><figcaption class=\"wp-element-caption\">Mama Mouchy, danse du XVIII\u00e8me si\u00e8cle, F-Po RES-817(19)<\/figcaption><\/figure>\n\n\n\n<figure class=\"wp-block-embed is-type-video is-provider-youtube wp-block-embed-youtube wp-embed-aspect-16-9 wp-has-aspect-ratio\"><div class=\"wp-block-embed__wrapper\">\n<iframe loading=\"lazy\" title=\"&quot;La Cosaque de la Caravanne&quot; de Michel Saint-L\u00e9on\" width=\"604\" height=\"340\" src=\"https:\/\/www.youtube.com\/embed\/F7aWdw7wjn4?feature=oembed\" frameborder=\"0\" allow=\"accelerometer; autoplay; clipboard-write; encrypted-media; gyroscope; picture-in-picture; web-share\" referrerpolicy=\"strict-origin-when-cross-origin\" allowfullscreen><\/iframe>\n<\/div><figcaption class=\"wp-element-caption\">Proposition de reconstitution de la Cosaque d\u00e9crite dans le troisi\u00e8me Cahier d&rsquo;exercices de Michel Saint-L\u00e9on (p\u00e8re du c\u00e9l\u00e8bre danseur et chor\u00e9graphe Arthur Saint-L\u00e9on) d\u00e9di\u00e9 aux Princesses de Wurtemberg, 1830<\/figcaption><\/figure>\n\n\n\n<figure class=\"wp-block-embed is-type-video is-provider-youtube wp-block-embed-youtube wp-embed-aspect-16-9 wp-has-aspect-ratio\"><div class=\"wp-block-embed__wrapper\">\n<iframe loading=\"lazy\" title=\"&quot;Mazurka&quot; de Michel Saint-L\u00e9on\" width=\"604\" height=\"340\" src=\"https:\/\/www.youtube.com\/embed\/Ru1ablA827Q?feature=oembed\" frameborder=\"0\" allow=\"accelerometer; autoplay; clipboard-write; encrypted-media; gyroscope; picture-in-picture; web-share\" referrerpolicy=\"strict-origin-when-cross-origin\" allowfullscreen><\/iframe>\n<\/div><figcaption class=\"wp-element-caption\">Deux propositions de reconstitution de la Mazurka d&rsquo;apr\u00e8s les 1er et 3\u00e8me Cahiers d&rsquo;exercices de Michel Saint-L\u00e9on d\u00e9di\u00e9s aux Princesses de Wurtemberg (1829 et 1830)<\/figcaption><\/figure>\n\n\n<div class=\"youtube\" style=\"width: 350; height: 300;\"><iframe loading=\"lazy\" src=\"\/\/www.youtube.com\/embed\/vBAno7m7VXg\" width=\"350\" height=\"350\" frameborder=\"0\" allowfullscreen=\"allowfullscreen\"><\/iframe><\/div>\n<div class=\"youtube\" style=\"width: 350; height: 300;\">&nbsp;<\/div>\n<div class=\"youtube\" style=\"width: 350; height: 300;\">&nbsp;<\/div>\n<div class=\"youtube\" style=\"width: 350; height: 300;\">\n<div class=\"youtube\" style=\"width: 350; height: 300;\"><object width=\"350\" height=\"300\" classid=\"clsid:d27cdb6e-ae6d-11cf-96b8-444553540000\" codebase=\"http:\/\/download.macromedia.com\/pub\/shockwave\/cabs\/flash\/swflash.cab#version=6,0,40,0\"><param name=\"wmode\" value=\"transparent\"><param name=\"src\" value=\"http:\/\/www.youtube.com\/v\/tj4RXywlGDs?autoplay=0\"><embed width=\"350\" height=\"300\" type=\"application\/x-shockwave-flash\" src=\"http:\/\/www.youtube.com\/v\/tj4RXywlGDs?autoplay=0\" wmode=\"transparent\"><\/object><\/div>\n<\/div>\n<div class=\"youtube\" style=\"width: 350; height: 300;\">&nbsp;<\/div>\n<div class=\"youtube\" style=\"width: 350; height: 300;\">&nbsp;<\/div>\n<div class=\"youtube\" style=\"width: 350; height: 300;\">\n<div class=\"youtube\" style=\"width: 350; height: 300;\"><object width=\"350\" height=\"300\" classid=\"clsid:d27cdb6e-ae6d-11cf-96b8-444553540000\" codebase=\"http:\/\/download.macromedia.com\/pub\/shockwave\/cabs\/flash\/swflash.cab#version=6,0,40,0\"><param name=\"wmode\" value=\"transparent\"><param name=\"src\" value=\"http:\/\/www.youtube.com\/v\/ZM_Uvm6Rbkc?autoplay=0\"><embed width=\"350\" height=\"300\" type=\"application\/x-shockwave-flash\" src=\"http:\/\/www.youtube.com\/v\/ZM_Uvm6Rbkc?autoplay=0\" wmode=\"transparent\"><\/object><\/div>\n<div class=\"youtube\" style=\"width: 350; height: 300;\">&nbsp;<\/div>\n<div class=\"youtube\" style=\"width: 350; height: 300;\"><object width=\"350\" height=\"300\" classid=\"clsid:d27cdb6e-ae6d-11cf-96b8-444553540000\" codebase=\"http:\/\/download.macromedia.com\/pub\/shockwave\/cabs\/flash\/swflash.cab#version=6,0,40,0\"><param name=\"wmode\" value=\"transparent\"><param name=\"src\" value=\"http:\/\/www.youtube.com\/v\/cM_nsRf7AMQ?autoplay=0\"><embed width=\"350\" height=\"300\" type=\"application\/x-shockwave-flash\" src=\"http:\/\/www.youtube.com\/v\/cM_nsRf7AMQ?autoplay=0\" wmode=\"transparent\"><\/object><\/div>\n<div class=\"youtube\" style=\"width: 350; height: 300;\">&nbsp;<\/div>\n<div class=\"youtube\" style=\"width: 350; height: 300;\">&nbsp;<\/div>\n<\/div>","protected":false},"excerpt":{"rendered":"<p>&nbsp; &nbsp; &nbsp; &nbsp; &nbsp; &nbsp; &nbsp;<\/p>\n","protected":false},"author":1,"featured_media":0,"parent":0,"menu_order":6,"comment_status":"closed","ping_status":"open","template":"","meta":{"footnotes":""},"class_list":["post-222","page","type-page","status-publish","hentry"],"_links":{"self":[{"href":"https:\/\/www.irenefeste.com\/index.php?rest_route=\/wp\/v2\/pages\/222","targetHints":{"allow":["GET"]}}],"collection":[{"href":"https:\/\/www.irenefeste.com\/index.php?rest_route=\/wp\/v2\/pages"}],"about":[{"href":"https:\/\/www.irenefeste.com\/index.php?rest_route=\/wp\/v2\/types\/page"}],"author":[{"embeddable":true,"href":"https:\/\/www.irenefeste.com\/index.php?rest_route=\/wp\/v2\/users\/1"}],"replies":[{"embeddable":true,"href":"https:\/\/www.irenefeste.com\/index.php?rest_route=%2Fwp%2Fv2%2Fcomments&post=222"}],"version-history":[{"count":16,"href":"https:\/\/www.irenefeste.com\/index.php?rest_route=\/wp\/v2\/pages\/222\/revisions"}],"predecessor-version":[{"id":1270,"href":"https:\/\/www.irenefeste.com\/index.php?rest_route=\/wp\/v2\/pages\/222\/revisions\/1270"}],"wp:attachment":[{"href":"https:\/\/www.irenefeste.com\/index.php?rest_route=%2Fwp%2Fv2%2Fmedia&parent=222"}],"curies":[{"name":"wp","href":"https:\/\/api.w.org\/{rel}","templated":true}]}}