{"id":7,"date":"2013-11-11T19:41:02","date_gmt":"2013-11-11T18:41:02","guid":{"rendered":"http:\/\/www.irenefeste.com\/?page_id=7"},"modified":"2025-08-20T14:58:36","modified_gmt":"2025-08-20T13:58:36","slug":"biographie","status":"publish","type":"page","link":"https:\/\/www.irenefeste.com\/?page_id=7","title":{"rendered":"Biographie"},"content":{"rendered":"\n<div class=\"wp-block-group\"><div class=\"wp-block-group__inner-container is-layout-flow wp-block-group-is-layout-flow\">\n<div class=\"wp-block-group\"><div class=\"wp-block-group__inner-container is-layout-flow wp-block-group-is-layout-flow\">\n<p class=\"has-text-align-center\"><span style=\"font-size: 28px;\"><em><strong>Danseuse, chor\u00e9graphe, p\u00e9dagogue sp\u00e9cialis\u00e9e dans les danses anciennes des XVI\u00e8me au XIX\u00e8me si\u00e8cles<\/strong><\/em><\/span><\/p>\n\n\n<div class=\"wp-block-image\">\n<figure class=\"alignleft\"><img decoding=\"async\" src=\"http:\/\/www.irenefeste.com\/wp-content\/uploads\/2013\/11\/Irene-Feste-portrait-205x300.jpg\" alt=\"Irene Feste portrait\"\/><\/figure><\/div>\n\n\n<p class=\"has-text-align-left\">Ir\u00e8ne d\u00e9bute la danse \u00e0 l\u2019\u00e2ge de trois ans et demi.<\/p>\n\n\n\n<p class=\"has-text-align-left\">Elle se forme en danse classique aupr\u00e8s de&nbsp;Josyane Pelletier, Yvonne Meyer, St\u00e9phane Prince, et suit de nombreux stages avec Micha\u00ebl Denard, Gilbert Mayer, Eric Camillo, Cyril Atanassoff, Patrick Dupond, Laurent Novis, Bryan Loftus.<\/p>\n\n\n\n<p class=\"has-text-align-left\">Elle est laur\u00e9ate de concours r\u00e9gionaux et nationaux.<\/p>\n\n\n\n<p class=\"has-text-align-left\">Apr\u00e8s un baccalaur\u00e9at scientifique, elle poursuit des \u00e9tudes en T\u00e9l\u00e9communications et R\u00e9seaux. En 2000, elle obtient son&nbsp;DUT de G\u00e9nie des T\u00e9l\u00e9communications et R\u00e9seaux et en 2002, devient Ing\u00e9nieur-Ma\u00eetre de G\u00e9nie Electrique Informatique Industrielle.<\/p>\n\n\n<div class=\"wp-block-image\">\n<figure class=\"alignright\"><img loading=\"lazy\" decoding=\"async\" width=\"192\" height=\"300\" src=\"http:\/\/www.irenefeste.com\/wp-content\/uploads\/2013\/11\/lacigarette2-192x300.jpg\" alt=\"\" class=\"wp-image-155\" srcset=\"https:\/\/www.irenefeste.com\/wp-content\/uploads\/2013\/11\/lacigarette2-192x300.jpg 192w, https:\/\/www.irenefeste.com\/wp-content\/uploads\/2013\/11\/lacigarette2.jpg 288w\" sizes=\"auto, (max-width: 192px) 100vw, 192px\" \/><\/figure><\/div>\n\n\n<p class=\"has-text-align-left\">Parall\u00e8lement \u00e0 ses \u00e9tudes, elle poursuit la pratique de la danse et pr\u00e9sente en 2002,&nbsp;l\u2019Examen d\u2019Aptitudes Techniques de danse et en 2003, elle obtient le Dipl\u00f4me d\u2019Etat de professeur de danse classique.<\/p>\n\n\n\n<p class=\"has-text-align-left\">De 2003 \u00e0 2011, Ir\u00e8ne enseigne la danse classique aux enfants et adultes au Centre Convention et au studio de l\u2019Acad\u00e9mie de Danse Montparnasse \u00e0 Paris et effectue de nombreux remplacements au centre de danse Goub\u00e9.<\/p>\n\n\n\n<p class=\"has-text-align-left\">En 2005, elle d\u00e9couvre la \u00ab Belle-Dance \u00bb, l\u2019\u00e9loquence baroque et, en int\u00e9grant la compagnie <i>L\u2019Eclat des Muses<\/i>, dirig\u00e9e par Christine Bayle, elle devient interpr\u00e8te du r\u00e9pertoire et des cr\u00e9ations. Elle participe \u00e9galement, au sein de cette compagnie, au travail de recherche sur les trait\u00e9s de danse de l\u2019\u00e9poque Louis XIII (<em>Instruction&nbsp;pour Danser<\/em>, <em>Apologie de la danse<\/em>&nbsp;de De Lauze) pour la cr\u00e9ation du \u00ab&nbsp;<em>Ballet de la Merlaison<\/em>&nbsp;\u00bb. Elle s\u2019initie aussi au style de la Renaissance italienne avec Barbara Sparti et Gloria Giordano.<\/p>\n\n\n\n<p class=\"has-text-align-left\">En 2007, elle co-fonde, avec P.-F. Doll\u00e9, la <i>Cie Fantaisies Baroques<\/i>, pour laquelle elle est chor\u00e9graphe et interpr\u00e8te (2009 <em>Cours&nbsp;de Ballet&#8230; Ballet de Cour<\/em>, 2012 <em>Quand Versailles se d\u00e9place \u00e0 Sceaux<\/em>, 2013 <em>Danceries en Fables<\/em>, 2014 <em>Paris, Capitale du Monde<\/em>, 2017 <em>1717&nbsp;: Les Honneurs faits au Tsar<\/em>, 2018 <em>L&rsquo;Ile des Esclaves<\/em>, 2019 <em>M\u00e9tamorphoses, le Chat Bott\u00e9<\/em>&#8230;), jusqu&rsquo;en 2020.<\/p>\n\n\n<div class=\"wp-block-image\">\n<figure class=\"alignleft\"><img loading=\"lazy\" decoding=\"async\" width=\"235\" height=\"300\" src=\"http:\/\/www.irenefeste.com\/wp-content\/uploads\/2020\/06\/Irene-Feste-baroque-2-235x300.jpg\" alt=\"\" class=\"wp-image-909\" srcset=\"https:\/\/www.irenefeste.com\/wp-content\/uploads\/2020\/06\/Irene-Feste-baroque-2-235x300.jpg 235w, https:\/\/www.irenefeste.com\/wp-content\/uploads\/2020\/06\/Irene-Feste-baroque-2.jpg 538w\" sizes=\"auto, (max-width: 235px) 100vw, 235px\" \/><\/figure><\/div>\n\n\n<p class=\"has-text-align-left\">Elle est artiste interpr\u00e8te pour de nombreuses compagnies en France et \u00e0 l&rsquo;International (Festival Berlioz, Festival d&rsquo;Utrecht, Royaume-Uni, Lituanie, Chine, Japon, Allemagne, Pologne&#8230;) : <i>Les Corps Eloquents<\/i> (H. Hazebroucq), <i>Divertimenty<\/i> (G. Jablonka), <em>JMB Compagnie<\/em> (A. Mialaret), <i>Le Baroque Nomade<\/i> (J.-C. Frisch) <i>La Tempesta<\/i> (P. Bismuth), <i>Doulce M\u00e9moire<\/i> (D. Raisin Dadre), <i>Il Ballo<\/i> (L. Loredo de S\u00e1), <i>Passo Finto<\/i> (P. Blanc)&#8230;<\/p>\n\n\n\n<p class=\"has-text-align-left\">En 2013, 2019 et 2023, elle chor\u00e9graphie pour le th\u00e9\u00e2tre :  <em>Le Masque d\u2019Or<\/em>, en hommage \u00e0 Jean Cocteau; <em>Le Secret des M\u00e9moires<\/em> ; <em>Le Po\u00e8te en son village;<\/em> \u00e9crits et mis en sc\u00e8ne par Pascal Ruiz.<\/p>\n\n\n\n<p class=\"has-text-align-left\">En 2015, elle participe au tournage d\u2019un documentaire de la BBC, \u00e0 l\u2019occasion du tricentenaire de la mort de Louis XIV, <em>The King who invented Ballet<\/em>, pr\u00e9sent\u00e9 par D. Bintley.<\/p>\n\n\n\n<p>En 2022 et 2023, Ir\u00e8ne est chor\u00e9graphe pour les films <em>Les Trois Mousquetaires &#8211; D&rsquo;Artagnan<\/em>, du r\u00e9alisateur Martin Bourboulon et \u00ab\u00a0<em>Le Comte de Monte-Cristo<\/em>\u00a0\u00bb d&rsquo;Alexandre de La Patelli\u00e8re et Matthieu Delaporte.<\/p>\n\n\n\n<p>Aujourd&rsquo;hui, elle intervient comme chor\u00e9graphe, interpr\u00e8te et p\u00e9dagogue pour la compagnie <em><strong>Danses au (Pas)s\u00e9<\/strong><\/em> (<em>Le Ballet des 5 Sens, La Danse comme moyen de s\u00e9duction, Une Duchesse en son domaine &#8211; Sceaux, s\u00e9jour des Jeux, des Ris &amp; des Plaisirs de bouche<\/em>)<\/p>\n\n\n\n<p class=\"has-text-align-left\">Elle intervient en milieu scolaire et conservatoires en proposant des actions p\u00e9dagogiques et chor\u00e9graphiques sur la danse ancienne (<em>Alceste<\/em> au conservatoire de Vigneux-sur-Seine, <em>Le Sicilien<\/em> au conservatoire de Ch\u00e2tillon, <em>Menu, Mener, Menuet<\/em> au CRD d&rsquo;Evry, <em>Le Bourgeois tartuffi\u00e9 <\/em>au conservatoire du 6\u00e8me, <em>V\u00e9nus et Adonis<\/em> \u00e0 l&rsquo;\u00e9cole de musique du Chesnay&#8230;)<\/p>\n\n\n\n<p class=\"has-text-align-left\">Elle contribue \u00e0 la diffusion de la danse ancienne, de la Renaissance au XIX\u00e8me si\u00e8cle, lors de stages, pour danseurs amateurs et professionnels souhaitant se former et d\u00e9couvrir cet univers, en France et en Europe.<\/p>\n\n\n\n<p>Ir\u00e8ne se passionne pour la recherche et elle obtient, \u00e0 plusieurs reprises, l&rsquo;Aide \u00e0 la Recherche et au Patrimoine en Danse du Centre National de la danse sur les th\u00e8mes :&nbsp;<\/p>\n\n\n\n<p>&#8211;&nbsp;\u00ab&nbsp;<em>La Pratique d\u2019une esth\u00e9tique nouvelle : la danse sous Henri IV-Un style de danse en d\u00e9couverte selon le&nbsp;<\/em><em>Manuscrit Instruction pour dancer les dances&#8230;&nbsp;<\/em>(ca 1612) \u00bb &#8211; 2013, avec Christine Bayle<\/p>\n\n\n\n<p>&#8211; \u00ab&nbsp;<em>Evolution de la danse de bal sous le Premier Empire et la Restauration \u00e0 travers le corpus chor\u00e9graphique des trait\u00e9s de J. H. Gourdoux-Daux, entre 1811 et 1823<\/em>. \u00bb &#8211; 2014, avec P.-F. Doll\u00e9<\/p>\n\n\n\n<p>&#8211; \u00ab&nbsp;<em>De l&rsquo;entra\u00eenement du danseur \u00e0 la th\u00e9\u00e2tralit\u00e9 d&rsquo;une variation chor\u00e9graphique dans les cahiers de Michel St L\u00e9on entre 1829 et 1836&nbsp;<\/em>\u00bb &#8211; 2016, avec P.-F. Doll\u00e9<\/p>\n\n\n\n<p>&#8211; \u00ab&nbsp;<em>Vers le bal Louis XIII d\u2019apr\u00e8s Apologie de Fran\u00e7ois de Lauze<\/em>&nbsp;\u00bb -2020, avec Christine Bayle<\/p>\n\n\n\n<p>&#8211; \u00ab&nbsp;<em>Les quadrilles de Jean-\u00c9tienne Despr\u00e9aux, organisateur des divertissements et spectacles \u00e0 la cour de Napol\u00e9on 1<\/em><sup><em>er&nbsp;<\/em><\/sup>\u00bb &#8211; 2020<\/p>\n\n\n\n<p class=\"has-text-align-left\">En 2018-2019, elle participe au programme Danse en Amateur et R\u00e9pertoire du Centre National de la danse, avec le groupe de danse de la Maison de la Musique et de la Danse de Bagneux&nbsp;:&nbsp;\u00ab&nbsp;<i>Balet de neuf danseurs<\/i>&nbsp;\u00bb de Raoul Auger Feuillet<\/p>\n\n\n<div class=\"wp-block-image\">\n<figure class=\"aligncenter\"><img loading=\"lazy\" decoding=\"async\" width=\"225\" height=\"300\" src=\"http:\/\/www.irenefeste.com\/wp-content\/uploads\/2020\/06\/Irene-Feste-baroque-225x300.jpg\" alt=\"\" class=\"wp-image-910\" srcset=\"https:\/\/www.irenefeste.com\/wp-content\/uploads\/2020\/06\/Irene-Feste-baroque-225x300.jpg 225w, https:\/\/www.irenefeste.com\/wp-content\/uploads\/2020\/06\/Irene-Feste-baroque-768x1024.jpg 768w, https:\/\/www.irenefeste.com\/wp-content\/uploads\/2020\/06\/Irene-Feste-baroque-600x800.jpg 600w, https:\/\/www.irenefeste.com\/wp-content\/uploads\/2020\/06\/Irene-Feste-baroque.jpg 1151w\" sizes=\"auto, (max-width: 225px) 100vw, 225px\" \/><\/figure><\/div>\n\n\n<p>Elle b\u00e9n\u00e9ficie de r\u00e9sidences d\u2019artiste aux Maisons de la Musique et de la Danse de Bagneux et de Fontenay-aux-Roses.<\/p>\n<\/div><\/div>\n<\/div><\/div>\n\n\n\n<p><\/p>\n","protected":false},"excerpt":{"rendered":"<p>Danseuse, chor\u00e9graphe, p\u00e9dagogue sp\u00e9cialis\u00e9e dans les danses anciennes des XVI\u00e8me au XIX\u00e8me si\u00e8cles Ir\u00e8ne d\u00e9bute la danse \u00e0 l\u2019\u00e2ge de trois ans et demi. Elle se forme en danse classique aupr\u00e8s de&nbsp;Josyane Pelletier, Yvonne Meyer, St\u00e9phane Prince, et suit de nombreux stages avec Micha\u00ebl Denard, Gilbert Mayer, Eric Camillo, Cyril Atanassoff, Patrick Dupond, Laurent Novis, &hellip; <a href=\"https:\/\/www.irenefeste.com\/?page_id=7\" class=\"more-link\">Continuer la lecture de <span class=\"screen-reader-text\">Biographie<\/span> <span class=\"meta-nav\">&rarr;<\/span><\/a><\/p>\n","protected":false},"author":1,"featured_media":0,"parent":0,"menu_order":3,"comment_status":"closed","ping_status":"open","template":"","meta":{"footnotes":""},"class_list":["post-7","page","type-page","status-publish","hentry"],"_links":{"self":[{"href":"https:\/\/www.irenefeste.com\/index.php?rest_route=\/wp\/v2\/pages\/7","targetHints":{"allow":["GET"]}}],"collection":[{"href":"https:\/\/www.irenefeste.com\/index.php?rest_route=\/wp\/v2\/pages"}],"about":[{"href":"https:\/\/www.irenefeste.com\/index.php?rest_route=\/wp\/v2\/types\/page"}],"author":[{"embeddable":true,"href":"https:\/\/www.irenefeste.com\/index.php?rest_route=\/wp\/v2\/users\/1"}],"replies":[{"embeddable":true,"href":"https:\/\/www.irenefeste.com\/index.php?rest_route=%2Fwp%2Fv2%2Fcomments&post=7"}],"version-history":[{"count":20,"href":"https:\/\/www.irenefeste.com\/index.php?rest_route=\/wp\/v2\/pages\/7\/revisions"}],"predecessor-version":[{"id":1442,"href":"https:\/\/www.irenefeste.com\/index.php?rest_route=\/wp\/v2\/pages\/7\/revisions\/1442"}],"wp:attachment":[{"href":"https:\/\/www.irenefeste.com\/index.php?rest_route=%2Fwp%2Fv2%2Fmedia&parent=7"}],"curies":[{"name":"wp","href":"https:\/\/api.w.org\/{rel}","templated":true}]}}