{"id":998,"date":"2021-05-27T17:01:15","date_gmt":"2021-05-27T16:01:15","guid":{"rendered":"http:\/\/www.irenefeste.com\/?page_id=998"},"modified":"2026-03-12T20:54:55","modified_gmt":"2026-03-12T19:54:55","slug":"danses-au-passe","status":"publish","type":"page","link":"https:\/\/www.irenefeste.com\/?page_id=998","title":{"rendered":"Danses au (Pas)s\u00e9"},"content":{"rendered":"\n<p>La compagnie<em> Danses au (Pas)s\u00e9<\/em>, cr\u00e9\u00e9e en juillet 2020, a pour objet la transmission des danses anciennes sur quatre si\u00e8cles (du XVI<sup>\u00e8me<\/sup> au XX<sup>\u00e8me<\/sup> si\u00e8cle) \u00e0 un public passionn\u00e9 de danse d\u00e9sireux de d\u00e9couvrir et de perp\u00e9tuer un art du pass\u00e9. Cette transmission se fait par le biais de cr\u00e9ations originales de spectacles chor\u00e9graphiques, lyriques et dramatiques, d&rsquo;organisation de colloques et de conf\u00e9rences, d&rsquo;ateliers chor\u00e9graphiques, d&rsquo;\u00e9v\u00e9nements historiques, de recherches sur les trait\u00e9s et documents historiques.<\/p>\n\n\n\n<p>Le comit\u00e9 artistique<\/p>\n\n\n\n<p>Eug\u00e9nia Roucher, ex danseuse grecque de l\u2019op\u00e9ra d\u2019Ath\u00e8nes, docteur en linguistique sp\u00e9cialiste de la danse du XVII<sup>\u00e8me<\/sup> si\u00e8cle<\/p>\n\n\n\n<p>Virginie Garandeau, professeur de culture chor\u00e9graphique au Conservatoire de Paris, historienne de la danse<\/p>\n\n\n\n<p>Nathalie Lecomte, historienne de la danse, sp\u00e9cialiste de la danse fran\u00e7aise aux XVII\u00e8me et XVIII\u00e8me si\u00e8cles<\/p>\n\n\n\n<p><a href=\"http:\/\/www.dansesaupasse.fr\" target=\"_blank\" rel=\"noreferrer noopener\">www.dansesaupasse.fr<\/a><\/p>\n\n\n\n<p><a href=\"https:\/\/www.facebook.com\/DansesAuPasseSurFB\">https:\/\/www.facebook.com\/DansesAuPasseSurFB<\/a><\/p>\n\n\n\n<p>Contact : contact(at)dansesaupasse.fr<\/p>\n\n\n\n<figure class=\"wp-block-image size-large is-style-default\"><a href=\"http:\/\/www.irenefeste.com\/wp-content\/uploads\/2021\/05\/Logo-DaP.jpg\"><img loading=\"lazy\" decoding=\"async\" width=\"320\" height=\"217\" src=\"http:\/\/www.irenefeste.com\/wp-content\/uploads\/2021\/05\/Logo-DaP.jpg\" alt=\"\" class=\"wp-image-999\" srcset=\"https:\/\/www.irenefeste.com\/wp-content\/uploads\/2021\/05\/Logo-DaP.jpg 320w, https:\/\/www.irenefeste.com\/wp-content\/uploads\/2021\/05\/Logo-DaP-300x203.jpg 300w\" sizes=\"auto, (max-width: 320px) 100vw, 320px\" \/><\/a><\/figure>\n\n\n\n<p>Spectacles \/ Conf\u00e9rences dans\u00e9es :<\/p>\n\n\n\n<ul class=\"wp-block-list\">\n<li><a href=\"https:\/\/www.irenefeste.com\/?page_id=1507\" data-type=\"page\" data-id=\"1507\">Les Jumeaux de Bergame<\/a> &#8211; spectacle<\/li>\n\n\n\n<li><a href=\"https:\/\/www.irenefeste.com\/?page_id=1512\" data-type=\"page\" data-id=\"1512\">Le Ballet des 5 Sens<\/a> &#8211; spectacle<\/li>\n\n\n\n<li><a href=\"https:\/\/www.irenefeste.com\/?page_id=1510\" data-type=\"page\" data-id=\"1510\">Une histoire de chaussons<\/a> &#8211; spectacle<\/li>\n\n\n\n<li><a href=\"https:\/\/www.irenefeste.com\/?page_id=1537\" data-type=\"page\" data-id=\"1537\">Une petite histoire de la danse baroque<\/a> &#8211; conf\u00e9rence dans\u00e9e<\/li>\n\n\n\n<li><a href=\"https:\/\/www.irenefeste.com\/?page_id=1514\" data-type=\"page\" data-id=\"1514\">Les Illustres Terpsichores<\/a> &#8211; conf\u00e9rence dans\u00e9e<\/li>\n<\/ul>\n\n\n\n<p><\/p>\n","protected":false},"excerpt":{"rendered":"<p>La compagnie Danses au (Pas)s\u00e9, cr\u00e9\u00e9e en juillet 2020, a pour objet la transmission des danses anciennes sur quatre si\u00e8cles (du XVI\u00e8me au XX\u00e8me si\u00e8cle) \u00e0 un public passionn\u00e9 de danse d\u00e9sireux de d\u00e9couvrir et de perp\u00e9tuer un art du pass\u00e9. Cette transmission se fait par le biais de cr\u00e9ations originales de spectacles chor\u00e9graphiques, lyriques &hellip; <a href=\"https:\/\/www.irenefeste.com\/?page_id=998\" class=\"more-link\">Continuer la lecture de <span class=\"screen-reader-text\">Danses au (Pas)s\u00e9<\/span> <span class=\"meta-nav\">&rarr;<\/span><\/a><\/p>\n","protected":false},"author":1,"featured_media":0,"parent":0,"menu_order":6,"comment_status":"closed","ping_status":"closed","template":"","meta":{"footnotes":""},"class_list":["post-998","page","type-page","status-publish","hentry"],"_links":{"self":[{"href":"https:\/\/www.irenefeste.com\/index.php?rest_route=\/wp\/v2\/pages\/998","targetHints":{"allow":["GET"]}}],"collection":[{"href":"https:\/\/www.irenefeste.com\/index.php?rest_route=\/wp\/v2\/pages"}],"about":[{"href":"https:\/\/www.irenefeste.com\/index.php?rest_route=\/wp\/v2\/types\/page"}],"author":[{"embeddable":true,"href":"https:\/\/www.irenefeste.com\/index.php?rest_route=\/wp\/v2\/users\/1"}],"replies":[{"embeddable":true,"href":"https:\/\/www.irenefeste.com\/index.php?rest_route=%2Fwp%2Fv2%2Fcomments&post=998"}],"version-history":[{"count":7,"href":"https:\/\/www.irenefeste.com\/index.php?rest_route=\/wp\/v2\/pages\/998\/revisions"}],"predecessor-version":[{"id":1558,"href":"https:\/\/www.irenefeste.com\/index.php?rest_route=\/wp\/v2\/pages\/998\/revisions\/1558"}],"wp:attachment":[{"href":"https:\/\/www.irenefeste.com\/index.php?rest_route=%2Fwp%2Fv2%2Fmedia&parent=998"}],"curies":[{"name":"wp","href":"https:\/\/api.w.org\/{rel}","templated":true}]}}